{"id":396,"date":"2024-03-25T15:34:52","date_gmt":"2024-03-25T18:34:52","guid":{"rendered":"https:\/\/pontoweb.bmvix.com.br\/?page_id=396"},"modified":"2024-03-26T10:57:58","modified_gmt":"2024-03-26T13:57:58","slug":"legislacao-ponto-eletronico","status":"publish","type":"page","link":"https:\/\/pontoweb.bmvix.com.br\/index.php\/legislacao-ponto-eletronico\/","title":{"rendered":"Legisla\u00e7\u00e3o Ponto Eletr\u00f4nico"},"content":{"rendered":"\n<div class=\"wp-block-columns is-layout-flex wp-container-core-columns-is-layout-28f84493 wp-block-columns-is-layout-flex\">\n<div class=\"wp-block-column is-layout-flow wp-block-column-is-layout-flow\"><\/div>\n<\/div>\n\n\n\n<h2 class=\"wp-block-heading\">Legisla\u00e7\u00e3o Ponto Eletr\u00f4nico ( portaria 671\/2021 )<\/h2>\n\n\n\n<div class=\"wp-block-cover has-neve-text-color-color has-text-color has-link-color wp-elements-5d1db0badfdf9c3cd312ab0f94b2a14e\" style=\"min-height:1715px;aspect-ratio:unset;\"><span aria-hidden=\"true\" class=\"wp-block-cover__background has-nv-light-bg-background-color has-background-dim-100 has-background-dim\"><\/span><div class=\"wp-block-cover__inner-container is-layout-constrained wp-block-cover-is-layout-constrained\">\n<p>A Legisla\u00e7\u00e3o do Ponto Eletr\u00f4nico passou por diversas mudan\u00e7as. E hoje a validade est\u00e1 na <a href=\"https:\/\/in.gov.br\/en\/web\/dou\/-\/portaria-359094139\" target=\"_blank\" rel=\"noopener\" title=\"\"><strong>Portaria 671\/2021<\/strong><\/a>. Nela est\u00e3o as normativas que as empresas que optarem por Ponto Eletr\u00f4nico devem seguir para estarem de acordo, al\u00e9m de necessidade de seguir a LGPD ( Lei Geral de Prote\u00e7\u00e3o de Dados ).<\/p>\n\n\n\n<p>Falamos da portaria ser a normatiza\u00e7\u00e3o das empresas que optam pelo Ponto Eletr\u00f4nico porque ainda existem formas, ISENTAS, a portaria, que s\u00e3o registro manual e cartogr\u00e1fico, independente da quantidade de funcion\u00e1rios e com ressalvas.<\/p>\n\n\n\n<p>&#8211;&gt; Ponto Manual: Legalmente falando ele pode ser utilizado por qualquer empresa, por\u00e9m, muito cuidado com detalhes: A folha n\u00e3o pode estar rassurada, deve haver a assinatura final do m\u00eas, tem que ser preenchido dia a dia ( n\u00e3o pode preencher tudo de uma vez s\u00f3 ), deve ser preenchido pelo pr\u00f3prio colaborador, deve estar sempre acess\u00edvel aos colaboradores e n\u00e3o pode ser preenchido de forma &#8220;brit\u00e2nica&#8221;.  Al\u00e9m do cuidado de verificar sempre a conven\u00e7\u00e3o coletiva da sua empresa, pois muitos sindicatos determinam regras como por exemplo: Ao usar banco de horas deve se adotar um sistema eletr\u00f4nico, ou mesmo, acima de x funcion\u00e1rios deve se usar sistema.  Caso n\u00e3o tenha nada na conven\u00e7\u00e3o, sempre vale a CLT e portaria 671\/2021;<\/p>\n\n\n\n<p>&#8211;&gt; Cartogr\u00e1fico: Registra num cart\u00e3o de papel os pontos de entrada e sa\u00edda. Vantagem \u00e9 baixo custo de opera\u00e7\u00e3o em s\u00ed.  Desvantagem \u00e9 que isso pode tornar o fechamento de ponto muito moroso e trazer gastos com dados calculados de forma errada, por exemplo. Al\u00e9m tamb\u00e9m de o cart\u00e3o perder a validade caso rassurado, molhado ou amassado.  Ele \u00e9 legalmente aceito em caso de fiscaliza\u00e7\u00e3o trabalhista, mas n\u00e3o \u00e9 muito bem visto em caso de justi\u00e7a trabalhista.<\/p>\n\n\n\n<p>&#8211;&gt; Ponto Eletr\u00f4nico: De forma ressumida, para meios legais \u00e9 considerado ponto eletr\u00f4nico tudo que &#8220;sai pela impressora&#8221;, ou seja, nenhum tipo de rel\u00f3gio ou sistemas n\u00e3o permitidos podem ser utilizados, mesmo que seja somente para um controle interno.  Isso ajuda porque tr\u00e1s bastante seguran\u00e7a jur\u00eddica para marca\u00e7\u00f5es, j\u00e1 que a portaria 671\/2021 tem as principais caracter\u00edsicas:<\/p>\n\n\n\n<ul class=\"wp-block-list\">\n<li>N\u00e3o Permite o Bloqueio de registro ( nem se pode instalar equipamentos em locais que o acesso possa ser restringido );<\/li>\n\n\n\n<li>N\u00e3o permitido marca\u00e7\u00f5es automatizadas;<\/li>\n\n\n\n<li>N\u00e3o exigir qualquer autoriza\u00e7\u00e3o para registros de hora ( seja normais, extras ou atrasos );<\/li>\n\n\n\n<li>Impossibilidade de altera\u00e7\u00e3o de registros: O sistema existe &#8220;desconsiderar&#8221; e &#8220;incluir&#8221;.  Ou seja, no fechamento voc\u00ea consegue corrigir o ponto que foi registrado de forma errada, por exemplo fora do contratual e tamb\u00e9m pode incluir o registro em casos de esquecimentos, em ambos os casos \u00e9 altamente recomendado a empresa advertir, por escrito, o colaborador.<\/li>\n<\/ul>\n\n\n\n<p>Al\u00e9m dessas caracter\u00edsticas principais, s\u00e3o permitidos 3 tipos de Registradores eletr\u00f4nicos de ponto.<\/p>\n\n\n\n<ul class=\"wp-block-list\">\n<li>REP-C: \u00c9 o convencional (REP) da antiga portaria 1510. Equipamentos que possuem n\u00famero de fabrica\u00e7\u00e3o, mem\u00f3ria fiscal para os registros e emitem comprovante, impresso, para cada registro de ponto.  Esse equipamento fica v\u00ednculado a 1 CNPJ, s\u00f3 podendo ser utilizado por ele ou empresas de um mesmo grupo econ\u00f4mico, nos termos do \u00a7 2\u00ba do art. 2\u00ba do Decreto-Lei n\u00ba 5.452, de 1943 &#8211; CLT;<\/li>\n\n\n\n<li>O REP-A \u00e9 o conjunto de equipamentos e programas de computador que tem sua utiliza\u00e7\u00e3o destinada ao registro da jornada de trabalho, autorizado por conven\u00e7\u00e3o ou acordo coletivo de trabalho.  Ou seja, aqui s\u00e3o equipamentos de ponto, tamb\u00e9m seguindo todas as quest\u00f5es de n\u00e3o bloqueio, originalidade de registro citadas acima.  Com a diferen\u00e7a que o equipamento pode ser utilizado por mais de 1 CNPJ, sendo que o software far\u00e1 essa divis\u00e3o corretamente.  No caso do Secullum WEB \u00e9 gerado um comprovante de forma online;<\/li>\n\n\n\n<li>REP-P \u00e9 o programa (software) executado em servidor dedicado ou em ambiente de nuvem com certificado de registro nos termos do art. 91, utilizado exclusivamente para o registro de jornada e com capacidade para emitir documentos decorrentes da rela\u00e7\u00e3o do trabalho e realizar controles de natureza fiscal trabalhista, referentes \u00e0 entrada e \u00e0 sa\u00edda de empregados nos locais de trabalho. Resumidamente falando, aqui utiliza-se qualquer solu\u00e7\u00e3o tecnol\u00f3gica, desde que siga a portaria, seja ela: Computador, tablet, celular.  Ela Obrigat\u00f3riamente deve emitir comprovante, podendo ser de forma eletr\u00f4nica ( e-mail, SMS, whatsapp&#8230; ).<\/li>\n<\/ul>\n\n\n\n<p>Ent\u00e3o esses s\u00e3o os tipos de Registradores Eletr\u00f4nicos. Sendo que em todos eles o trabalhador deve ter acesso, mensalmente, aos registros efetuados. Podendo ser de forma online, na secullum pela Central do Funcion\u00e1rio, ou impresso, o que for mais conveniente para a empresa.  <\/p>\n\n\n\n<p>A portaria 671\/2021 tamb\u00e9m autoriza a assinatura digital do cart\u00e3o ponto, ou seja, o RH fecha o ponto e envia para o aplicativo do funcion\u00e1rio, que pode conferir, baixar em PDF ou imprimir o cart\u00e3o e assinar digitalmente pela sua senha pessoal e instransfer\u00edvel.<\/p>\n\n\n\n<p>Esse artigo foi escrito por mim, Braz Mattos, e representa o meu resumo pessoal.  Quaisquer altera\u00e7\u00f5es na empresa \u00e9 sempre sugerido averigua\u00e7\u00e3o com a contabilidade e leitura da conven\u00e7\u00e3o coletiva.  Fique a vontade para nos chamar no whatsapp. <\/p>\n\n\n\n<p>Leitura completa da portaria 671\/2021 oficial: <a href=\"https:\/\/in.gov.br\/en\/web\/dou\/-\/portaria-359094139\" target=\"_blank\" rel=\"noopener\" title=\"\"><strong>https:\/\/in.gov.br\/en\/web\/dou\/-\/portaria-359094139<\/strong><\/a><\/p>\n\n\n\n<p>Autor Artigo: Braz Mattos  25\/03\/2024      &#8211;   <\/p>\n\n\n\n<p>N\u00e3o reproduzir esse conte\u00fado sem expressa autoriza\u00e7\u00e3o.<\/p>\n<\/div><\/div>\n\n\n\n<div style=\"height:21px\" aria-hidden=\"true\" class=\"wp-block-spacer\"><\/div>\n\n\n\n<div class=\"wp-block-buttons is-layout-flex wp-block-buttons-is-layout-flex\">\n<div class=\"wp-block-button\"><a class=\"wp-block-button__link has-background wp-element-button\" href=\"https:\/\/web.whatsapp.com\/send?phone=552733399660&amp;text=Ol%C3%A1%20BMVIX%20-%20Tecnologia%20!\" style=\"background-color:#1fc00a\" target=\"_blank\" rel=\"noreferrer noopener\">Fale conosco<\/a><\/div>\n<\/div>\n\n\n\n<div style=\"height:25px\" aria-hidden=\"true\" class=\"wp-block-spacer\"><\/div>\n\n\n\n<figure class=\"wp-block-embed is-type-video is-provider-youtube wp-block-embed-youtube wp-embed-aspect-16-9 wp-has-aspect-ratio\"><div class=\"wp-block-embed__wrapper\">\n<iframe title=\"Conhe\u00e7a os Rel\u00f3gios de Ponto cartogr\u00e1fico e eletr\u00f4nicos\" width=\"800\" height=\"450\" src=\"https:\/\/www.youtube.com\/embed\/cEWXLKU3VUI?feature=oembed\" frameborder=\"0\" allow=\"accelerometer; autoplay; clipboard-write; encrypted-media; gyroscope; picture-in-picture; web-share\" referrerpolicy=\"strict-origin-when-cross-origin\" allowfullscreen><\/iframe>\n<\/div><\/figure>\n\n\n\n<div style=\"height:30px\" aria-hidden=\"true\" class=\"wp-block-spacer\"><\/div>\n","protected":false},"excerpt":{"rendered":"<p>Legisla\u00e7\u00e3o Ponto Eletr\u00f4nico ( portaria 671\/2021 )<\/p>\n","protected":false},"author":1,"featured_media":0,"parent":0,"menu_order":0,"comment_status":"closed","ping_status":"closed","template":"","meta":{"om_disable_all_campaigns":false,"_monsterinsights_skip_tracking":false,"_monsterinsights_sitenote_active":false,"_monsterinsights_sitenote_note":"","_monsterinsights_sitenote_category":0,"footnotes":""},"class_list":["post-396","page","type-page","status-publish","hentry"],"aioseo_notices":[],"_hostinger_reach_plugin_has_subscription_block":false,"_hostinger_reach_plugin_is_elementor":false,"_links":{"self":[{"href":"https:\/\/pontoweb.bmvix.com.br\/index.php\/wp-json\/wp\/v2\/pages\/396","targetHints":{"allow":["GET"]}}],"collection":[{"href":"https:\/\/pontoweb.bmvix.com.br\/index.php\/wp-json\/wp\/v2\/pages"}],"about":[{"href":"https:\/\/pontoweb.bmvix.com.br\/index.php\/wp-json\/wp\/v2\/types\/page"}],"author":[{"embeddable":true,"href":"https:\/\/pontoweb.bmvix.com.br\/index.php\/wp-json\/wp\/v2\/users\/1"}],"replies":[{"embeddable":true,"href":"https:\/\/pontoweb.bmvix.com.br\/index.php\/wp-json\/wp\/v2\/comments?post=396"}],"version-history":[{"count":12,"href":"https:\/\/pontoweb.bmvix.com.br\/index.php\/wp-json\/wp\/v2\/pages\/396\/revisions"}],"predecessor-version":[{"id":518,"href":"https:\/\/pontoweb.bmvix.com.br\/index.php\/wp-json\/wp\/v2\/pages\/396\/revisions\/518"}],"wp:attachment":[{"href":"https:\/\/pontoweb.bmvix.com.br\/index.php\/wp-json\/wp\/v2\/media?parent=396"}],"curies":[{"name":"wp","href":"https:\/\/api.w.org\/{rel}","templated":true}]}}