{"id":2,"date":"2024-03-20T08:57:37","date_gmt":"2024-03-20T11:57:37","guid":{"rendered":"https:\/\/pontoweb.bmvix.com.br\/?page_id=2"},"modified":"2024-04-19T13:29:36","modified_gmt":"2024-04-19T16:29:36","slug":"comparativo-planos-ponto","status":"publish","type":"page","link":"https:\/\/pontoweb.bmvix.com.br\/index.php\/comparativo-planos-ponto\/","title":{"rendered":""},"content":{"rendered":"\n<div style=\"height:17px\" aria-hidden=\"true\" class=\"wp-block-spacer\"><\/div>\n\n\n\n<h2 class=\"wp-block-heading has-text-align-center has-text-color has-link-color wp-elements-e3f662ab75269d699b79816b3314fc90\" style=\"color:#832f30;font-style:normal;font-weight:700;text-transform:uppercase\">TABELA COMPARATIVA DE PLANOS<\/h2>\n\n\n\n<p class=\"has-text-align-center has-text-color has-link-color has-medium-font-size wp-elements-e304e6b322d4b408a4de0527e6881d48\" style=\"color:#464444\"><strong>Conhe\u00e7a as principais diferen\u00e7as e escolha o melhor para seu neg\u00f3cio.<\/strong><\/p>\n\n\n\n<figure class=\"wp-block-image aligncenter size-full is-resized\"><img fetchpriority=\"high\" decoding=\"async\" width=\"559\" height=\"610\" src=\"https:\/\/pontoweb.bmvix.com.br\/wp-content\/uploads\/2024\/04\/Comparativo-planos-Final.jpg\" alt=\"\" class=\"wp-image-720\" style=\"width:690px;height:auto\" srcset=\"https:\/\/pontoweb.bmvix.com.br\/wp-content\/uploads\/2024\/04\/Comparativo-planos-Final.jpg 559w, https:\/\/pontoweb.bmvix.com.br\/wp-content\/uploads\/2024\/04\/Comparativo-planos-Final-275x300.jpg 275w\" sizes=\"(max-width: 559px) 100vw, 559px\" \/><\/figure>\n\n\n\n<div class=\"wp-block-buttons is-content-justification-center is-layout-flex wp-container-core-buttons-is-layout-a89b3969 wp-block-buttons-is-layout-flex\">\n<div class=\"wp-block-button\"><a class=\"wp-block-button__link has-background wp-element-button\" href=\"https:\/\/web.whatsapp.com\/send?phone=552733399660&amp;text=Ol%C3%A1%20BMVIX%20-%20Tecnologia%20!\" style=\"background-color:#3fdc0f\" target=\"_blank\" rel=\"noreferrer noopener\">Fale Conosco<\/a><\/div>\n<\/div>\n","protected":false},"excerpt":{"rendered":"<p>TABELA COMPARATIVA DE PLANOS Conhe\u00e7a as principais diferen\u00e7as e escolha o melhor para seu neg\u00f3cio.<\/p>\n","protected":false},"author":1,"featured_media":0,"parent":0,"menu_order":0,"comment_status":"closed","ping_status":"closed","template":"","meta":{"om_disable_all_campaigns":false,"_monsterinsights_skip_tracking":false,"_monsterinsights_sitenote_active":false,"_monsterinsights_sitenote_note":"","_monsterinsights_sitenote_category":0,"footnotes":""},"class_list":["post-2","page","type-page","status-publish","hentry"],"aioseo_notices":[],"_hostinger_reach_plugin_has_subscription_block":false,"_hostinger_reach_plugin_is_elementor":false,"_links":{"self":[{"href":"https:\/\/pontoweb.bmvix.com.br\/index.php\/wp-json\/wp\/v2\/pages\/2","targetHints":{"allow":["GET"]}}],"collection":[{"href":"https:\/\/pontoweb.bmvix.com.br\/index.php\/wp-json\/wp\/v2\/pages"}],"about":[{"href":"https:\/\/pontoweb.bmvix.com.br\/index.php\/wp-json\/wp\/v2\/types\/page"}],"author":[{"embeddable":true,"href":"https:\/\/pontoweb.bmvix.com.br\/index.php\/wp-json\/wp\/v2\/users\/1"}],"replies":[{"embeddable":true,"href":"https:\/\/pontoweb.bmvix.com.br\/index.php\/wp-json\/wp\/v2\/comments?post=2"}],"version-history":[{"count":21,"href":"https:\/\/pontoweb.bmvix.com.br\/index.php\/wp-json\/wp\/v2\/pages\/2\/revisions"}],"predecessor-version":[{"id":721,"href":"https:\/\/pontoweb.bmvix.com.br\/index.php\/wp-json\/wp\/v2\/pages\/2\/revisions\/721"}],"wp:attachment":[{"href":"https:\/\/pontoweb.bmvix.com.br\/index.php\/wp-json\/wp\/v2\/media?parent=2"}],"curies":[{"name":"wp","href":"https:\/\/api.w.org\/{rel}","templated":true}]}}