{"id":1586,"date":"2025-02-09T15:11:11","date_gmt":"2025-02-09T18:11:11","guid":{"rendered":"https:\/\/pontoweb.bmvix.com.br\/?page_id=1586"},"modified":"2025-02-10T15:56:03","modified_gmt":"2025-02-10T18:56:03","slug":"relogios-homologados-portaria-671-2021","status":"publish","type":"page","link":"https:\/\/pontoweb.bmvix.com.br\/index.php\/relogios-homologados-portaria-671-2021\/","title":{"rendered":"Rel\u00f3gios Homologados"},"content":{"rendered":"\n<p>Primeiramente tenha em m\u00e3os quais o tipo de rel\u00f3gio de ponto vai atender mais a sua demanda conforme as descri\u00e7\u00f5es, por exemplo: Precisa que o equipamento seja instalado em ambiente interno ou externo, qual a forma de registro ideal, tamanho dispon\u00edvel para instala\u00e7\u00e3o no seu ambiente, entre outros.<\/p>\n\n\n\n<p>Ao mesmo tempo ter em mente qual a vers\u00e3o de sistema ir\u00e1 utilizar ( registro de ponto por aplicativo externo, registro somente interno ou ambos ), abaixo alguns modelos que dispomos e seus benef\u00edcios principais.<\/p>\n\n\n\n<div class=\"wp-block-columns is-layout-flex wp-container-core-columns-is-layout-28f84493 wp-block-columns-is-layout-flex\">\n<div class=\"wp-block-column is-layout-flow wp-block-column-is-layout-flow\">\n<div class=\"wp-block-columns is-layout-flex wp-container-core-columns-is-layout-28f84493 wp-block-columns-is-layout-flex\">\n<div class=\"wp-block-column is-layout-flow wp-block-column-is-layout-flow\">\n<h2 class=\"wp-block-heading has-text-align-center\">EVO &#8211; 40 ( REP-P )<\/h2>\n\n\n\n<figure class=\"wp-block-image aligncenter size-full is-resized\"><img fetchpriority=\"high\" decoding=\"async\" width=\"500\" height=\"500\" src=\"https:\/\/pontoweb.bmvix.com.br\/wp-content\/uploads\/2025\/02\/Evo-40.jpg\" alt=\"\" class=\"wp-image-1597\" style=\"width:280px;height:auto\" srcset=\"https:\/\/pontoweb.bmvix.com.br\/wp-content\/uploads\/2025\/02\/Evo-40.jpg 500w, https:\/\/pontoweb.bmvix.com.br\/wp-content\/uploads\/2025\/02\/Evo-40-300x300.jpg 300w, https:\/\/pontoweb.bmvix.com.br\/wp-content\/uploads\/2025\/02\/Evo-40-150x150.jpg 150w\" sizes=\"(max-width: 500px) 100vw, 500px\" \/><\/figure>\n<\/div>\n<\/div>\n\n\n\n<ul class=\"wp-block-list\">\n<li>M\u00faltiplos CNPJ;<\/li>\n\n\n\n<li>Facial + Cart\u00e3o proximidade + Senha<\/li>\n\n\n\n<li>Tamanho: Altura: 16,5cm \/ Espessura: 2,5 cm \/ Lagura: 8cm<\/li>\n\n\n\n<li>Ambiente interno e externo ( IP65 );<\/li>\n\n\n\n<li>Confirma\u00e7\u00e3o de registro por voz;<\/li>\n\n\n\n<li>Acionador de sirene;<\/li>\n\n\n\n<li>Rede Ethernet;<\/li>\n\n\n\n<li>Wi-fi;<\/li>\n\n\n\n<li>Reconhecimento de 0,5 a 2,5 mts;<\/li>\n\n\n\n<li>Op\u00e7\u00e3o de obrigatoriedade de m\u00e1scara;<\/li>\n\n\n\n<li>Tela Touch Screen 4\u2033;<\/li>\n\n\n\n<li>Leitor de proximidade 125 khz;<\/li>\n\n\n\n<li>Senha num\u00e9rico;<\/li>\n\n\n\n<li>Facial: 5000 faces offline;<\/li>\n\n\n\n<li>Compat\u00edvel: Secullum WEB.<\/li>\n<\/ul>\n\n\n\n<figure class=\"wp-block-embed is-type-video is-provider-youtube wp-block-embed-youtube wp-embed-aspect-16-9 wp-has-aspect-ratio\"><div class=\"wp-block-embed__wrapper\">\n<iframe title=\"Evo -40 Equipamento facial\" width=\"800\" height=\"450\" src=\"https:\/\/www.youtube.com\/embed\/HFb9RRuRssw?feature=oembed\" frameborder=\"0\" allow=\"accelerometer; autoplay; clipboard-write; encrypted-media; gyroscope; picture-in-picture; web-share\" referrerpolicy=\"strict-origin-when-cross-origin\" allowfullscreen><\/iframe>\n<\/div><figcaption class=\"wp-element-caption\"><a href=\"https:\/\/evosistemasinteligentes.com.br\/evo-facial-40\/\" title=\"\">https:\/\/evosistemasinteligentes.com.br\/evo-facial-40\/<\/a><\/figcaption><\/figure>\n<\/div>\n\n\n\n<div class=\"wp-block-column is-layout-flow wp-block-column-is-layout-flow\">\n<h2 class=\"wp-block-heading alignwide has-text-align-center\">Control ID IDFACE ( REP-P )<\/h2>\n\n\n\n<figure class=\"wp-block-image aligncenter size-large is-resized\"><img decoding=\"async\" width=\"521\" height=\"1024\" src=\"https:\/\/pontoweb.bmvix.com.br\/wp-content\/uploads\/2025\/02\/IDFACE-521x1024.jpg\" alt=\"\" class=\"wp-image-1602\" style=\"width:151px;height:auto\" srcset=\"https:\/\/pontoweb.bmvix.com.br\/wp-content\/uploads\/2025\/02\/IDFACE-521x1024.jpg 521w, https:\/\/pontoweb.bmvix.com.br\/wp-content\/uploads\/2025\/02\/IDFACE-153x300.jpg 153w, https:\/\/pontoweb.bmvix.com.br\/wp-content\/uploads\/2025\/02\/IDFACE-768x1509.jpg 768w, https:\/\/pontoweb.bmvix.com.br\/wp-content\/uploads\/2025\/02\/IDFACE-782x1536.jpg 782w, https:\/\/pontoweb.bmvix.com.br\/wp-content\/uploads\/2025\/02\/IDFACE.jpg 810w\" sizes=\"(max-width: 521px) 100vw, 521px\" \/><\/figure>\n\n\n\n<ul class=\"wp-block-list\">\n<li>M\u00faltiplos CNPJs;<\/li>\n\n\n\n<li>Facial + Cart\u00e3o Proximidade + Senha<\/li>\n\n\n\n<li>Tamanho: Altura: 17,4cm \/ Espessura: 5,45cm \/ Largura: 7,6cm<\/li>\n\n\n\n<li>Ambiente interno e externo ( IP65 );<\/li>\n\n\n\n<li>Rede Ethernet;<\/li>\n\n\n\n<li>C\u00e2mera reconhecimento 1080p;<\/li>\n\n\n\n<li>Reconhecimento de 0,3 a 2,5 mts;<\/li>\n\n\n\n<li>Op\u00e7\u00e3o de obrigatoriedade de m\u00e1scara;<\/li>\n\n\n\n<li>Tela Touchscreen 3,5&#8243;;<\/li>\n\n\n\n<li>Leitor de chip de acordo com o escolhido: Ask ( 125 khz padr\u00e3o ), Mifare, HID;<\/li>\n\n\n\n<li>Senha num\u00e9rica;<\/li>\n\n\n\n<li>Facial: 10.000 faces offline;<\/li>\n\n\n\n<li>C\u00e2mera l\u00ea Qr-Code;<\/li>\n\n\n\n<li>Software WEB embutido para cadastro de funcion\u00e1rios;<\/li>\n\n\n\n<li>Compat\u00edvel: Secullum WEB e RHID.<\/li>\n<\/ul>\n\n\n\n<figure class=\"wp-block-embed aligncenter is-type-video is-provider-youtube wp-block-embed-youtube wp-embed-aspect-16-9 wp-has-aspect-ratio\"><div class=\"wp-block-embed__wrapper\">\n<iframe title=\"Unboxing - iDFace Ponto\" width=\"800\" height=\"450\" src=\"https:\/\/www.youtube.com\/embed\/oKupa3byeaU?feature=oembed\" frameborder=\"0\" allow=\"accelerometer; autoplay; clipboard-write; encrypted-media; gyroscope; picture-in-picture; web-share\" referrerpolicy=\"strict-origin-when-cross-origin\" allowfullscreen><\/iframe>\n<\/div><\/figure>\n\n\n\n<p><a href=\"https:\/\/www.controlid.com.br\/controle-de-acesso\/idface\">https:\/\/www.controlid.com.br\/controle-de-acesso\/idface<\/a><\/p>\n<\/div>\n<\/div>\n\n\n\n<div class=\"wp-block-columns is-layout-flex wp-container-core-columns-is-layout-28f84493 wp-block-columns-is-layout-flex\">\n<div class=\"wp-block-column is-layout-flow wp-block-column-is-layout-flow\">\n<h2 class=\"wp-block-heading has-text-align-center\">Intelbr\u00e1s SS 3542 MF ( REP-P )<\/h2>\n\n\n\n<figure class=\"wp-block-image aligncenter size-full is-resized\"><img decoding=\"async\" width=\"241\" height=\"489\" src=\"https:\/\/pontoweb.bmvix.com.br\/wp-content\/uploads\/2025\/02\/SS-3542-Foto-03.jpg\" alt=\"\" class=\"wp-image-1605\" style=\"width:135px;height:auto\" srcset=\"https:\/\/pontoweb.bmvix.com.br\/wp-content\/uploads\/2025\/02\/SS-3542-Foto-03.jpg 241w, https:\/\/pontoweb.bmvix.com.br\/wp-content\/uploads\/2025\/02\/SS-3542-Foto-03-148x300.jpg 148w\" sizes=\"(max-width: 241px) 100vw, 241px\" \/><\/figure>\n\n\n\n<ul class=\"wp-block-list\">\n<li>M\u00faltiplos CNPJs;<\/li>\n\n\n\n<li>Facial + Bio Digital + Proximidade + Senha;<\/li>\n\n\n\n<li>Tamanho: Altura: 18,0cm \/ Espessura: 2,7cm \/ Largura: 9,01cm;<\/li>\n\n\n\n<li>Ambiente interno e externo ( IP65 );<\/li>\n\n\n\n<li>Rede Ethernet;<\/li>\n\n\n\n<li>Sinaliza\u00e7\u00e3o sonora;<\/li>\n\n\n\n<li>Duas lentes de 2 MP CMOS (RGB+IR);<\/li>\n\n\n\n<li>Reconhecimento de 0,3 a 1,5 mts;<\/li>\n\n\n\n<li>Op\u00e7\u00e3o de obrigatoriedade de m\u00e1scara;<\/li>\n\n\n\n<li>Tela Touchscreen 4,3&#8243;;<\/li>\n\n\n\n<li>Leitor de chip de acordo com o escolhido: Mifare 13,56mhz;<\/li>\n\n\n\n<li>Senha num\u00e9rica;<\/li>\n\n\n\n<li>Facial: 10.000 faces offline;<\/li>\n\n\n\n<li>Biometria Digital;<\/li>\n\n\n\n<li>C\u00e2mera l\u00ea Qr-Code;<\/li>\n\n\n\n<li>Op\u00e7\u00e3o de mostrar publicidade na tela;<\/li>\n\n\n\n<li>Garantia troca expressa;<\/li>\n\n\n\n<li>Compat\u00edvel: Secullum WEB.<\/li>\n<\/ul>\n\n\n\n<figure class=\"wp-block-embed is-type-video is-provider-youtube wp-block-embed-youtube wp-embed-aspect-16-9 wp-has-aspect-ratio\"><div class=\"wp-block-embed__wrapper\">\n<iframe title=\"Controladores de acesso com reconhecimento facial Intelbras\" width=\"800\" height=\"450\" src=\"https:\/\/www.youtube.com\/embed\/xQH0baRPXv8?feature=oembed\" frameborder=\"0\" allow=\"accelerometer; autoplay; clipboard-write; encrypted-media; gyroscope; picture-in-picture; web-share\" referrerpolicy=\"strict-origin-when-cross-origin\" allowfullscreen><\/iframe>\n<\/div><\/figure>\n\n\n\n<p><a href=\"https:\/\/www.intelbras.com\/pt-br\/controlador-de-acesso-facial-com-biometria-digital-ss-3542-mf-w\">https:\/\/www.intelbras.com\/pt-br\/controlador-de-acesso-facial-com-biometria-digital-ss-3542-mf-w<\/a><\/p>\n<\/div>\n\n\n\n<div class=\"wp-block-column is-layout-flow wp-block-column-is-layout-flow\">\n<h2 class=\"wp-block-heading has-text-align-center\">Control ID IDFLEX ( REP-P )<\/h2>\n\n\n\n<figure class=\"wp-block-image aligncenter size-large is-resized\"><img loading=\"lazy\" decoding=\"async\" width=\"1024\" height=\"955\" src=\"https:\/\/pontoweb.bmvix.com.br\/wp-content\/uploads\/2025\/02\/IDFLEX-imag-1-1024x955.jpg\" alt=\"\" class=\"wp-image-1607\" style=\"width:287px;height:auto\" srcset=\"https:\/\/pontoweb.bmvix.com.br\/wp-content\/uploads\/2025\/02\/IDFLEX-imag-1-1024x955.jpg 1024w, https:\/\/pontoweb.bmvix.com.br\/wp-content\/uploads\/2025\/02\/IDFLEX-imag-1-300x280.jpg 300w, https:\/\/pontoweb.bmvix.com.br\/wp-content\/uploads\/2025\/02\/IDFLEX-imag-1-768x716.jpg 768w, https:\/\/pontoweb.bmvix.com.br\/wp-content\/uploads\/2025\/02\/IDFLEX-imag-1-1536x1432.jpg 1536w, https:\/\/pontoweb.bmvix.com.br\/wp-content\/uploads\/2025\/02\/IDFLEX-imag-1-2048x1909.jpg 2048w\" sizes=\"(max-width: 1024px) 100vw, 1024px\" \/><\/figure>\n\n\n\n<ul class=\"wp-block-list\">\n<li>M\u00faltiplos CNPJs;<\/li>\n\n\n\n<li>Biometria Digital + Proximidade + Senha<\/li>\n\n\n\n<li>Tamanho: Altura: 9,5cm \/ Espessura: 3,6cm \/ Largura: 10cm;<\/li>\n\n\n\n<li>Ambiente interno;<\/li>\n\n\n\n<li>Rede Ethernet;<\/li>\n\n\n\n<li>Sinaliza\u00e7\u00e3o sonora;<\/li>\n\n\n\n<li>Tela Touchscreen 2,4&#8243;;<\/li>\n\n\n\n<li>Leitor de chip de acordo com o escolhido: Mifare 13,56mhz ou 125kHz (incluindo ASK, FSK e PSK);<\/li>\n\n\n\n<li>Senha num\u00e9rica;<\/li>\n\n\n\n<li>Biometria Digital;<\/li>\n\n\n\n<li>Op\u00e7\u00e3o de colocar logomarca na tela;<\/li>\n\n\n\n<li>1 porta USB para comunica\u00e7\u00e3o;<\/li>\n\n\n\n<li>Software WEB embutido para cadastro de funcion\u00e1rios;<\/li>\n\n\n\n<li>Compat\u00edvel: Secullum WEB e RHID.<\/li>\n<\/ul>\n\n\n\n<figure class=\"wp-block-embed is-type-video is-provider-youtube wp-block-embed-youtube wp-embed-aspect-16-9 wp-has-aspect-ratio\"><div class=\"wp-block-embed__wrapper\">\n<iframe title=\"Unboxing do Controlador de Acesso iDFlex da Control iD\" width=\"800\" height=\"450\" src=\"https:\/\/www.youtube.com\/embed\/viMNLaqjQUE?feature=oembed\" frameborder=\"0\" allow=\"accelerometer; autoplay; clipboard-write; encrypted-media; gyroscope; picture-in-picture; web-share\" referrerpolicy=\"strict-origin-when-cross-origin\" allowfullscreen><\/iframe>\n<\/div><\/figure>\n\n\n\n<p><a href=\"https:\/\/www.controlid.com.br\/controle-de-acesso\/idflex\">https:\/\/www.controlid.com.br\/controle-de-acesso\/idflex<\/a><\/p>\n<\/div>\n<\/div>\n\n\n\n<div class=\"wp-block-columns is-layout-flex wp-container-core-columns-is-layout-28f84493 wp-block-columns-is-layout-flex\">\n<div class=\"wp-block-column is-layout-flow wp-block-column-is-layout-flow\">\n<h2 class=\"wp-block-heading has-text-align-center\">Secullum Ponto Virtual ( REP-P )<\/h2>\n\n\n\n<figure class=\"wp-block-image aligncenter size-full is-resized\"><img loading=\"lazy\" decoding=\"async\" width=\"373\" height=\"636\" src=\"https:\/\/pontoweb.bmvix.com.br\/wp-content\/uploads\/2025\/02\/Secullum-Ponto-virtual.jpg\" alt=\"\" class=\"wp-image-1608\" style=\"width:161px;height:auto\" srcset=\"https:\/\/pontoweb.bmvix.com.br\/wp-content\/uploads\/2025\/02\/Secullum-Ponto-virtual.jpg 373w, https:\/\/pontoweb.bmvix.com.br\/wp-content\/uploads\/2025\/02\/Secullum-Ponto-virtual-176x300.jpg 176w\" sizes=\"(max-width: 373px) 100vw, 373px\" \/><\/figure>\n\n\n\n<ul class=\"wp-block-list\">\n<li>M\u00faltiplos CNPJs;<\/li>\n\n\n\n<li>Programa registrador de ponto, transforme seu celular, tablet ou computador em um rel\u00f3gio de ponto; <\/li>\n\n\n\n<li>Identifica\u00e7\u00e3o facial Off-line, registrando o ponto com face online ou off-line;<\/li>\n\n\n\n<li>Leitura de QrCode pela C\u00e2mera;<\/li>\n\n\n\n<li>Senha de teclado; <\/li>\n\n\n\n<li>Compat\u00edvel com Secullum WEB Basic, PRO ou Ultimate.<\/li>\n<\/ul>\n<\/div>\n\n\n\n<div class=\"wp-block-column is-layout-flow wp-block-column-is-layout-flow\">\n<h2 class=\"wp-block-heading has-text-align-center\">Control ID Quiosque(REP -P )<\/h2>\n\n\n\n<figure class=\"wp-block-image aligncenter size-full is-resized\"><img loading=\"lazy\" decoding=\"async\" width=\"354\" height=\"518\" src=\"https:\/\/pontoweb.bmvix.com.br\/wp-content\/uploads\/2025\/02\/Quiosque.png\" alt=\"\" class=\"wp-image-1609\" style=\"width:187px;height:auto\" srcset=\"https:\/\/pontoweb.bmvix.com.br\/wp-content\/uploads\/2025\/02\/Quiosque.png 354w, https:\/\/pontoweb.bmvix.com.br\/wp-content\/uploads\/2025\/02\/Quiosque-205x300.png 205w\" sizes=\"(max-width: 354px) 100vw, 354px\" \/><\/figure>\n\n\n\n<ul class=\"wp-block-list\">\n<li>M\u00faltiplos CNPJs;<\/li>\n\n\n\n<li>Programa registrador de ponto, transforme celular, tablet ou computador em rel\u00f3gio de ponto;<\/li>\n\n\n\n<li>Identifica\u00e7\u00e3o facial on-line ou off-line;<\/li>\n\n\n\n<li>Leitura QrCode pela c\u00e2mera;<\/li>\n\n\n\n<li>Senha teclado;<\/li>\n\n\n\n<li>Compat\u00edvel com RHID.<\/li>\n<\/ul>\n<\/div>\n<\/div>\n\n\n\n<div class=\"wp-block-columns is-layout-flex wp-container-core-columns-is-layout-28f84493 wp-block-columns-is-layout-flex\">\n<div class=\"wp-block-column is-layout-flow wp-block-column-is-layout-flow\">\n<h2 class=\"wp-block-heading has-text-align-center\">Control ID IDFLEX Prox<\/h2>\n\n\n\n<figure class=\"wp-block-image aligncenter size-large is-resized\"><img loading=\"lazy\" decoding=\"async\" width=\"1024\" height=\"953\" src=\"https:\/\/pontoweb.bmvix.com.br\/wp-content\/uploads\/2025\/02\/iDFlex-Prox-Perspectiva-1024x953.png\" alt=\"\" class=\"wp-image-1611\" style=\"width:274px;height:auto\" srcset=\"https:\/\/pontoweb.bmvix.com.br\/wp-content\/uploads\/2025\/02\/iDFlex-Prox-Perspectiva-1024x953.png 1024w, https:\/\/pontoweb.bmvix.com.br\/wp-content\/uploads\/2025\/02\/iDFlex-Prox-Perspectiva-300x279.png 300w, https:\/\/pontoweb.bmvix.com.br\/wp-content\/uploads\/2025\/02\/iDFlex-Prox-Perspectiva-768x715.png 768w, https:\/\/pontoweb.bmvix.com.br\/wp-content\/uploads\/2025\/02\/iDFlex-Prox-Perspectiva-1536x1429.png 1536w, https:\/\/pontoweb.bmvix.com.br\/wp-content\/uploads\/2025\/02\/iDFlex-Prox-Perspectiva-2048x1905.png 2048w\" sizes=\"(max-width: 1024px) 100vw, 1024px\" \/><\/figure>\n\n\n\n<ul class=\"wp-block-list\">\n<li>M\u00faltiplos CNPJs;<\/li>\n\n\n\n<li>Proximidade + Senha;<\/li>\n\n\n\n<li>Tamanho: Altura: 9,5cm \/ Espessura: 3,6cm \/ Largura: 10cm;<\/li>\n\n\n\n<li>Ambiente interno;<\/li>\n\n\n\n<li>Rede Ethernet;<\/li>\n\n\n\n<li>Sinaliza\u00e7\u00e3o sonora;<\/li>\n\n\n\n<li>Tela Touchscreen 2,4&#8243;;<\/li>\n\n\n\n<li>Leitor de chip de acordo com o escolhido: Mifare 13,56mhz ou 125kHz (incluindo ASK, FSK e PSK);<\/li>\n\n\n\n<li>Senha num\u00e9rica;<\/li>\n\n\n\n<li>Op\u00e7\u00e3o de colocar logomarca na tela;<\/li>\n\n\n\n<li>1 porta USB para comunica\u00e7\u00e3o;<\/li>\n\n\n\n<li>Software WEB embutido para cadastro de funcion\u00e1rios;<\/li>\n\n\n\n<li>Compat\u00edvel: Secullum WEB e RHID.<\/li>\n<\/ul>\n\n\n\n<figure class=\"wp-block-embed is-type-video is-provider-youtube wp-block-embed-youtube wp-embed-aspect-16-9 wp-has-aspect-ratio\"><div class=\"wp-block-embed__wrapper\">\n<iframe title=\"Unboxing do Controlador de Acesso iDFlex da Control iD\" width=\"800\" height=\"450\" src=\"https:\/\/www.youtube.com\/embed\/viMNLaqjQUE?feature=oembed\" frameborder=\"0\" allow=\"accelerometer; autoplay; clipboard-write; encrypted-media; gyroscope; picture-in-picture; web-share\" referrerpolicy=\"strict-origin-when-cross-origin\" allowfullscreen><\/iframe>\n<\/div><\/figure>\n\n\n\n<p><a href=\"https:\/\/www.controlid.com.br\/controle-de-acesso\/idflex-pro-prox\">https:\/\/www.controlid.com.br\/controle-de-acesso\/idflex-pro-prox<\/a><\/p>\n<\/div>\n\n\n\n<div class=\"wp-block-column is-layout-flow wp-block-column-is-layout-flow\">\n<h2 class=\"wp-block-heading\">IDCLASS Bio Prox ( REP &#8211; C )<\/h2>\n\n\n\n<figure class=\"wp-block-image aligncenter size-large is-resized\"><img loading=\"lazy\" decoding=\"async\" width=\"1024\" height=\"924\" src=\"https:\/\/pontoweb.bmvix.com.br\/wp-content\/uploads\/2025\/02\/IDCLASS-BIO-1024x924.jpg\" alt=\"\" class=\"wp-image-1614\" style=\"width:277px;height:auto\" srcset=\"https:\/\/pontoweb.bmvix.com.br\/wp-content\/uploads\/2025\/02\/IDCLASS-BIO-1024x924.jpg 1024w, https:\/\/pontoweb.bmvix.com.br\/wp-content\/uploads\/2025\/02\/IDCLASS-BIO-300x271.jpg 300w, https:\/\/pontoweb.bmvix.com.br\/wp-content\/uploads\/2025\/02\/IDCLASS-BIO-768x693.jpg 768w, https:\/\/pontoweb.bmvix.com.br\/wp-content\/uploads\/2025\/02\/IDCLASS-BIO-1536x1387.jpg 1536w, https:\/\/pontoweb.bmvix.com.br\/wp-content\/uploads\/2025\/02\/IDCLASS-BIO-2048x1849.jpg 2048w\" sizes=\"(max-width: 1024px) 100vw, 1024px\" \/><\/figure>\n\n\n\n<ul class=\"wp-block-list\">\n<li>CNPJ \u00fanico;<\/li>\n\n\n\n<li>Bio Digital + Proximidade + Senha;<\/li>\n\n\n\n<li>Impressora imprime comprovante a cada registro de ponto<\/li>\n\n\n\n<li>Mem\u00f3ria fiscal;<\/li>\n\n\n\n<li>Pode ser usado por 1 CNPJ podendo ser utilizado por filiais ou empresas do mesmo grupo;<\/li>\n\n\n\n<li>Identifica\u00e7\u00e3o Biom\u00e9trica: 3000 digitais;<\/li>\n\n\n\n<li>Tamanho: Altura: 24,6cm \/ Espessura: 10,4cm \/ Largura: 24,6cm;<\/li>\n\n\n\n<li>Ambiente interno;<\/li>\n\n\n\n<li>Rede Ethernet;<\/li>\n\n\n\n<li>Tela Touchscreen 2,4&#8243;;<\/li>\n\n\n\n<li>Leitor de chip de acordo com o escolhido: Mifare 13,56mhz ou 125kHz (incluindo ASK, FSK e PSK);<\/li>\n\n\n\n<li>Senha num\u00e9rica;<\/li>\n\n\n\n<li>1 porta USB para comunica\u00e7\u00e3o;<\/li>\n\n\n\n<li>Software WEB embutido para cadastro de funcion\u00e1rios;<\/li>\n\n\n\n<li>Op\u00e7\u00e3o de leitor de C\u00f3d. de Barras na vers\u00e3o IDCLASS MULT;<\/li>\n\n\n\n<li>Compat\u00edvel: Secullum WEB, Secullum Offline e RHID.<\/li>\n<\/ul>\n\n\n\n<figure class=\"wp-block-embed aligncenter is-type-video is-provider-youtube wp-block-embed-youtube wp-embed-aspect-16-9 wp-has-aspect-ratio\"><div class=\"wp-block-embed__wrapper\">\n<iframe title=\"Vis\u00e3o geral do REP iDClass da Control iD\" width=\"800\" height=\"450\" src=\"https:\/\/www.youtube.com\/embed\/El1qVmgZvr4?feature=oembed\" frameborder=\"0\" allow=\"accelerometer; autoplay; clipboard-write; encrypted-media; gyroscope; picture-in-picture; web-share\" referrerpolicy=\"strict-origin-when-cross-origin\" allowfullscreen><\/iframe>\n<\/div><\/figure>\n\n\n\n<p><a href=\"https:\/\/www.controlid.com.br\/relogio-de-ponto\/idclass\">https:\/\/www.controlid.com.br\/relogio-de-ponto\/idclass-bio\/<\/a><\/p>\n<\/div>\n<\/div>\n\n\n\n<div class=\"wp-block-columns is-layout-flex wp-container-core-columns-is-layout-28f84493 wp-block-columns-is-layout-flex\">\n<div class=\"wp-block-column is-layout-flow wp-block-column-is-layout-flow\">\n<h2 class=\"wp-block-heading has-text-align-center\">IDCLASS Facial ( REP-C )<\/h2>\n\n\n\n<figure class=\"wp-block-image aligncenter size-full is-resized\"><img loading=\"lazy\" decoding=\"async\" width=\"491\" height=\"418\" src=\"https:\/\/pontoweb.bmvix.com.br\/wp-content\/uploads\/2025\/02\/IDclass-facial.jpg\" alt=\"\" class=\"wp-image-1615\" style=\"width:320px;height:auto\" srcset=\"https:\/\/pontoweb.bmvix.com.br\/wp-content\/uploads\/2025\/02\/IDclass-facial.jpg 491w, https:\/\/pontoweb.bmvix.com.br\/wp-content\/uploads\/2025\/02\/IDclass-facial-300x255.jpg 300w\" sizes=\"(max-width: 491px) 100vw, 491px\" \/><\/figure>\n\n\n\n<ul class=\"wp-block-list\">\n<li>CNPJ \u00fanico;<\/li>\n\n\n\n<li>Facial + Proximidade + Senha<\/li>\n\n\n\n<li>Impressora imprime comprovante a cada registro de ponto<\/li>\n\n\n\n<li>Mem\u00f3ria fiscal;<\/li>\n\n\n\n<li>Pode ser usado por 1 CNPJ podendo ser utilizado por filiais ou empresas do mesmo grupo;<\/li>\n\n\n\n<li>Identifica\u00e7\u00e3o FACIAL;<\/li>\n\n\n\n<li>Tamanho: Altura: 24,6cm \/ Espessura: 10,4cm \/ Largura: 24,6cm;<\/li>\n\n\n\n<li>Ambiente interno;<\/li>\n\n\n\n<li>Rede Ethernet;<\/li>\n\n\n\n<li>Tela Touchscreen 2,4&#8243;;<\/li>\n\n\n\n<li>Leitor de chip de acordo com o escolhido: Mifare 13,56mhz ou 125kHz (incluindo ASK, FSK e PSK);<\/li>\n\n\n\n<li>Senha num\u00e9rica;<\/li>\n\n\n\n<li>1 porta USB para comunica\u00e7\u00e3o;<\/li>\n\n\n\n<li>Software WEB embutido para cadastro de funcion\u00e1rios;<\/li>\n\n\n\n<li>Compat\u00edvel: Secullum WEB, Secullum Offline e RHID.<\/li>\n<\/ul>\n\n\n\n<figure class=\"wp-block-embed aligncenter is-type-video is-provider-youtube wp-block-embed-youtube wp-embed-aspect-16-9 wp-has-aspect-ratio\"><div class=\"wp-block-embed__wrapper\">\n<iframe title=\"Unboxing - iDClass Facial\" width=\"800\" height=\"450\" src=\"https:\/\/www.youtube.com\/embed\/hkL9xWl-YP4?feature=oembed\" frameborder=\"0\" allow=\"accelerometer; autoplay; clipboard-write; encrypted-media; gyroscope; picture-in-picture; web-share\" referrerpolicy=\"strict-origin-when-cross-origin\" allowfullscreen><\/iframe>\n<\/div><\/figure>\n\n\n\n<p><a href=\"https:\/\/www.controlid.com.br\/relogio-de-ponto\/idclass-facial\">https:\/\/www.controlid.com.br\/relogio-de-ponto\/idclass-facial<\/a><\/p>\n<\/div>\n\n\n\n<div class=\"wp-block-column is-layout-flow wp-block-column-is-layout-flow\">\n<h2 class=\"wp-block-heading has-text-align-center\">EVO REP-C ( REP-C )<\/h2>\n\n\n\n<figure class=\"wp-block-image aligncenter size-full is-resized\"><img loading=\"lazy\" decoding=\"async\" width=\"500\" height=\"500\" src=\"https:\/\/pontoweb.bmvix.com.br\/wp-content\/uploads\/2025\/02\/Relogios-de-ponto-REP-C-1.jpg\" alt=\"\" class=\"wp-image-1617\" style=\"width:282px;height:auto\" srcset=\"https:\/\/pontoweb.bmvix.com.br\/wp-content\/uploads\/2025\/02\/Relogios-de-ponto-REP-C-1.jpg 500w, https:\/\/pontoweb.bmvix.com.br\/wp-content\/uploads\/2025\/02\/Relogios-de-ponto-REP-C-1-300x300.jpg 300w, https:\/\/pontoweb.bmvix.com.br\/wp-content\/uploads\/2025\/02\/Relogios-de-ponto-REP-C-1-150x150.jpg 150w\" sizes=\"(max-width: 500px) 100vw, 500px\" \/><\/figure>\n\n\n\n<ul class=\"wp-block-list\">\n<li>\u00danico CNPJ;<\/li>\n\n\n\n<li>Bio Digital + proximidade + Senha.<\/li>\n\n\n\n<li>Impressora imprime comprovante a cada registro de ponto<\/li>\n\n\n\n<li>Mem\u00f3ria fiscal;<\/li>\n\n\n\n<li>Pode ser usado por 1 CNPJ podendo ser utilizado por filiais ou empresas do mesmo grupo;<\/li>\n\n\n\n<li>Identifica\u00e7\u00e3o biom\u00e9trica;<\/li>\n\n\n\n<li>Tamanho:<\/li>\n\n\n\n<li>Compat\u00edvel: Secullum WEB, Secullum Offline e RHID.<\/li>\n<\/ul>\n\n\n\n<p><a href=\"https:\/\/evosistemasinteligentes.com.br\/evo-rep-c\/\">https:\/\/evosistemasinteligentes.com.br\/evo-rep-c\/<\/a><\/p>\n<\/div>\n<\/div>\n\n\n\n<p><\/p>\n","protected":false},"excerpt":{"rendered":"<p>Primeiramente tenha em m\u00e3os quais o tipo de rel\u00f3gio de ponto vai atender mais a sua demanda conforme as descri\u00e7\u00f5es, por exemplo: Precisa que o equipamento seja instalado em ambiente interno ou externo, qual a forma de registro ideal, tamanho dispon\u00edvel para instala\u00e7\u00e3o no seu ambiente, entre outros. Ao mesmo tempo ter em mente qual [&hellip;]<\/p>\n","protected":false},"author":1,"featured_media":0,"parent":0,"menu_order":0,"comment_status":"closed","ping_status":"closed","template":"","meta":{"om_disable_all_campaigns":false,"_monsterinsights_skip_tracking":false,"_monsterinsights_sitenote_active":false,"_monsterinsights_sitenote_note":"","_monsterinsights_sitenote_category":0,"footnotes":""},"class_list":["post-1586","page","type-page","status-publish","hentry"],"aioseo_notices":[],"_hostinger_reach_plugin_has_subscription_block":false,"_hostinger_reach_plugin_is_elementor":false,"_links":{"self":[{"href":"https:\/\/pontoweb.bmvix.com.br\/index.php\/wp-json\/wp\/v2\/pages\/1586","targetHints":{"allow":["GET"]}}],"collection":[{"href":"https:\/\/pontoweb.bmvix.com.br\/index.php\/wp-json\/wp\/v2\/pages"}],"about":[{"href":"https:\/\/pontoweb.bmvix.com.br\/index.php\/wp-json\/wp\/v2\/types\/page"}],"author":[{"embeddable":true,"href":"https:\/\/pontoweb.bmvix.com.br\/index.php\/wp-json\/wp\/v2\/users\/1"}],"replies":[{"embeddable":true,"href":"https:\/\/pontoweb.bmvix.com.br\/index.php\/wp-json\/wp\/v2\/comments?post=1586"}],"version-history":[{"count":28,"href":"https:\/\/pontoweb.bmvix.com.br\/index.php\/wp-json\/wp\/v2\/pages\/1586\/revisions"}],"predecessor-version":[{"id":1642,"href":"https:\/\/pontoweb.bmvix.com.br\/index.php\/wp-json\/wp\/v2\/pages\/1586\/revisions\/1642"}],"wp:attachment":[{"href":"https:\/\/pontoweb.bmvix.com.br\/index.php\/wp-json\/wp\/v2\/media?parent=1586"}],"curies":[{"name":"wp","href":"https:\/\/api.w.org\/{rel}","templated":true}]}}